{"id":1821,"date":"2026-04-07T22:55:59","date_gmt":"2026-04-07T20:55:59","guid":{"rendered":"https:\/\/boutique.bunker-france.com\/?product=masque-a-gaz-complet-mf14"},"modified":"2026-04-07T22:55:59","modified_gmt":"2026-04-07T20:55:59","slug":"masque-a-gaz-complet-mf14","status":"publish","type":"product","link":"https:\/\/boutique.bunker-france.com\/?product=masque-a-gaz-complet-mf14","title":{"rendered":"Masque a Gaz Complet MF14"},"content":{"rendered":"<p>Le Masque \u00e0 Gaz Complet MF14 offre une protection fiable avec des caract\u00e9ristiques de r\u00e9sistance avanc\u00e9es. Il est con\u00e7u pour r\u00e9sister \u00e0 la salinisation pendant au moins 90 minutes et offre une protection anti-a\u00e9rosol VX pendant au moins 120 minutes. De plus, il assure une protection anti-CNCL (sec) pendant au moins 32 minutes et anti-CNCL (humide) pendant au moins 26 minutes. Il prot\u00e8ge \u00e9galement contre le HCN. Ce produit est id\u00e9al pour ceux qui recherchent un \u00e9quipement de survie robuste et performant.<\/p>\n","protected":false},"excerpt":{"rendered":"<p>Le Masque \u00e0 Gaz Complet MF14 offre une protection fiable avec des caract\u00e9ristiques de r\u00e9sistance avanc\u00e9es. Il est con\u00e7u pour r\u00e9sister \u00e0 la salinisation pendant au moins 90 minutes et offre une protection anti-a\u00e9rosol VX pendant au moins 120 minutes. De plus, il assure une protection anti-CNCL (sec) pendant au moins 32 minutes et anti-CNCL<\/p>\n<div class=\"more-link\">\n             <a href=\"https:\/\/boutique.bunker-france.com\/?product=masque-a-gaz-complet-mf14\" class=\"theme-btn\"><span>Continue Reading <\/span><i class=\"bi bi-arrow-right\"><\/i><\/a>\n        <\/div>\n","protected":false},"featured_media":1820,"comment_status":"open","ping_status":"closed","template":"","meta":[],"product_brand":[],"product_cat":[29],"product_tag":[],"class_list":{"0":"post-1821","1":"product","2":"type-product","3":"status-publish","4":"has-post-thumbnail","6":"product_cat-masque-a-gaz","8":"first","9":"instock","10":"taxable","11":"shipping-taxable","12":"purchasable","13":"product-type-simple"},"_links":{"self":[{"href":"https:\/\/boutique.bunker-france.com\/index.php?rest_route=\/wp\/v2\/product\/1821","targetHints":{"allow":["GET"]}}],"collection":[{"href":"https:\/\/boutique.bunker-france.com\/index.php?rest_route=\/wp\/v2\/product"}],"about":[{"href":"https:\/\/boutique.bunker-france.com\/index.php?rest_route=\/wp\/v2\/types\/product"}],"replies":[{"embeddable":true,"href":"https:\/\/boutique.bunker-france.com\/index.php?rest_route=%2Fwp%2Fv2%2Fcomments&post=1821"}],"wp:featuredmedia":[{"embeddable":true,"href":"https:\/\/boutique.bunker-france.com\/index.php?rest_route=\/wp\/v2\/media\/1820"}],"wp:attachment":[{"href":"https:\/\/boutique.bunker-france.com\/index.php?rest_route=%2Fwp%2Fv2%2Fmedia&parent=1821"}],"wp:term":[{"taxonomy":"product_brand","embeddable":true,"href":"https:\/\/boutique.bunker-france.com\/index.php?rest_route=%2Fwp%2Fv2%2Fproduct_brand&post=1821"},{"taxonomy":"product_cat","embeddable":true,"href":"https:\/\/boutique.bunker-france.com\/index.php?rest_route=%2Fwp%2Fv2%2Fproduct_cat&post=1821"},{"taxonomy":"product_tag","embeddable":true,"href":"https:\/\/boutique.bunker-france.com\/index.php?rest_route=%2Fwp%2Fv2%2Fproduct_tag&post=1821"}],"curies":[{"name":"wp","href":"https:\/\/api.w.org\/{rel}","templated":true}]}}