{"id":1819,"date":"2026-04-07T22:55:59","date_gmt":"2026-04-07T20:55:59","guid":{"rendered":"https:\/\/boutique.bunker-france.com\/?product=filtre-masque-a-gaz-mf14-87"},"modified":"2026-04-07T22:55:59","modified_gmt":"2026-04-07T20:55:59","slug":"filtre-masque-a-gaz-mf14-87","status":"publish","type":"product","link":"https:\/\/boutique.bunker-france.com\/?product=filtre-masque-a-gaz-mf14-87","title":{"rendered":"Filtre Masque a Gaz MF14\/87"},"content":{"rendered":"<p>Le filtre \u00e0 gaz MF14\/87 est un \u00e9quipement essentiel pour la survie, con\u00e7u pour prot\u00e9ger les voies respiratoires contre les agents nocifs. Il est compatible avec les masques \u00e0 gaz appropri\u00e9s et assure une filtration efficace dans des environnements contamin\u00e9s. Ce produit est id\u00e9al pour les situations d&rsquo;urgence, la pr\u00e9paration aux catastrophes ou toute activit\u00e9 n\u00e9cessitant une protection respiratoire fiable.<\/p>\n","protected":false},"excerpt":{"rendered":"<p>Le filtre \u00e0 gaz MF14\/87 est un \u00e9quipement essentiel pour la survie, con\u00e7u pour prot\u00e9ger les voies respiratoires contre les agents nocifs. Il est compatible avec les masques \u00e0 gaz appropri\u00e9s et assure une filtration efficace dans des environnements contamin\u00e9s. Ce produit est id\u00e9al pour les situations d&rsquo;urgence, la pr\u00e9paration aux catastrophes ou toute activit\u00e9<\/p>\n<div class=\"more-link\">\n             <a href=\"https:\/\/boutique.bunker-france.com\/?product=filtre-masque-a-gaz-mf14-87\" class=\"theme-btn\"><span>Continue Reading <\/span><i class=\"bi bi-arrow-right\"><\/i><\/a>\n        <\/div>\n","protected":false},"featured_media":1818,"comment_status":"open","ping_status":"closed","template":"","meta":[],"product_brand":[],"product_cat":[29],"product_tag":[],"class_list":{"0":"post-1819","1":"product","2":"type-product","3":"status-publish","4":"has-post-thumbnail","6":"product_cat-masque-a-gaz","8":"first","9":"instock","10":"taxable","11":"shipping-taxable","12":"purchasable","13":"product-type-simple"},"_links":{"self":[{"href":"https:\/\/boutique.bunker-france.com\/index.php?rest_route=\/wp\/v2\/product\/1819","targetHints":{"allow":["GET"]}}],"collection":[{"href":"https:\/\/boutique.bunker-france.com\/index.php?rest_route=\/wp\/v2\/product"}],"about":[{"href":"https:\/\/boutique.bunker-france.com\/index.php?rest_route=\/wp\/v2\/types\/product"}],"replies":[{"embeddable":true,"href":"https:\/\/boutique.bunker-france.com\/index.php?rest_route=%2Fwp%2Fv2%2Fcomments&post=1819"}],"wp:featuredmedia":[{"embeddable":true,"href":"https:\/\/boutique.bunker-france.com\/index.php?rest_route=\/wp\/v2\/media\/1818"}],"wp:attachment":[{"href":"https:\/\/boutique.bunker-france.com\/index.php?rest_route=%2Fwp%2Fv2%2Fmedia&parent=1819"}],"wp:term":[{"taxonomy":"product_brand","embeddable":true,"href":"https:\/\/boutique.bunker-france.com\/index.php?rest_route=%2Fwp%2Fv2%2Fproduct_brand&post=1819"},{"taxonomy":"product_cat","embeddable":true,"href":"https:\/\/boutique.bunker-france.com\/index.php?rest_route=%2Fwp%2Fv2%2Fproduct_cat&post=1819"},{"taxonomy":"product_tag","embeddable":true,"href":"https:\/\/boutique.bunker-france.com\/index.php?rest_route=%2Fwp%2Fv2%2Fproduct_tag&post=1819"}],"curies":[{"name":"wp","href":"https:\/\/api.w.org\/{rel}","templated":true}]}}