{"id":1817,"date":"2026-04-07T22:55:59","date_gmt":"2026-04-07T20:55:59","guid":{"rendered":"https:\/\/boutique.bunker-france.com\/?product=masque-a-gaz-mf14-complet"},"modified":"2026-04-07T22:55:59","modified_gmt":"2026-04-07T20:55:59","slug":"masque-a-gaz-mf14-complet","status":"publish","type":"product","link":"https:\/\/boutique.bunker-france.com\/?product=masque-a-gaz-mf14-complet","title":{"rendered":"Masque a Gaz MF14 complet"},"content":{"rendered":"<p>Le Masque \u00e0 Gaz MF14 complet offre une protection fiable avec une r\u00e9sistance \u00e0 la salinisation de plus de 90 minutes. Il prot\u00e8ge contre l&rsquo;a\u00e9rosol VX pendant au moins 120 minutes, le CNCL (sec) pendant au moins 32 minutes et le CNCL (humide) pendant au moins 26 minutes. Il offre \u00e9galement une protection contre le HCN. Ce produit est livr\u00e9 avec la livraison gratuite et des retours possibles sous 30 jours, avec un support rapide.<\/p>\n","protected":false},"excerpt":{"rendered":"<p>Le Masque \u00e0 Gaz MF14 complet offre une protection fiable avec une r\u00e9sistance \u00e0 la salinisation de plus de 90 minutes. Il prot\u00e8ge contre l&rsquo;a\u00e9rosol VX pendant au moins 120 minutes, le CNCL (sec) pendant au moins 32 minutes et le CNCL (humide) pendant au moins 26 minutes. Il offre \u00e9galement une protection contre le<\/p>\n<div class=\"more-link\">\n             <a href=\"https:\/\/boutique.bunker-france.com\/?product=masque-a-gaz-mf14-complet\" class=\"theme-btn\"><span>Continue Reading <\/span><i class=\"bi bi-arrow-right\"><\/i><\/a>\n        <\/div>\n","protected":false},"featured_media":1816,"comment_status":"open","ping_status":"closed","template":"","meta":[],"product_brand":[],"product_cat":[29],"product_tag":[],"class_list":{"0":"post-1817","1":"product","2":"type-product","3":"status-publish","4":"has-post-thumbnail","6":"product_cat-masque-a-gaz","8":"first","9":"instock","10":"taxable","11":"shipping-taxable","12":"purchasable","13":"product-type-simple"},"_links":{"self":[{"href":"https:\/\/boutique.bunker-france.com\/index.php?rest_route=\/wp\/v2\/product\/1817","targetHints":{"allow":["GET"]}}],"collection":[{"href":"https:\/\/boutique.bunker-france.com\/index.php?rest_route=\/wp\/v2\/product"}],"about":[{"href":"https:\/\/boutique.bunker-france.com\/index.php?rest_route=\/wp\/v2\/types\/product"}],"replies":[{"embeddable":true,"href":"https:\/\/boutique.bunker-france.com\/index.php?rest_route=%2Fwp%2Fv2%2Fcomments&post=1817"}],"wp:featuredmedia":[{"embeddable":true,"href":"https:\/\/boutique.bunker-france.com\/index.php?rest_route=\/wp\/v2\/media\/1816"}],"wp:attachment":[{"href":"https:\/\/boutique.bunker-france.com\/index.php?rest_route=%2Fwp%2Fv2%2Fmedia&parent=1817"}],"wp:term":[{"taxonomy":"product_brand","embeddable":true,"href":"https:\/\/boutique.bunker-france.com\/index.php?rest_route=%2Fwp%2Fv2%2Fproduct_brand&post=1817"},{"taxonomy":"product_cat","embeddable":true,"href":"https:\/\/boutique.bunker-france.com\/index.php?rest_route=%2Fwp%2Fv2%2Fproduct_cat&post=1817"},{"taxonomy":"product_tag","embeddable":true,"href":"https:\/\/boutique.bunker-france.com\/index.php?rest_route=%2Fwp%2Fv2%2Fproduct_tag&post=1817"}],"curies":[{"name":"wp","href":"https:\/\/api.w.org\/{rel}","templated":true}]}}