{"id":1808,"date":"2026-04-07T22:51:39","date_gmt":"2026-04-07T20:51:39","guid":{"rendered":"https:\/\/boutique.bunker-france.com\/?product=pochette-molle-gilet-tactique"},"modified":"2026-04-07T22:51:39","modified_gmt":"2026-04-07T20:51:39","slug":"pochette-molle-gilet-tactique","status":"publish","type":"product","link":"https:\/\/boutique.bunker-france.com\/?product=pochette-molle-gilet-tactique","title":{"rendered":"Pochette Molle Gilet Tactique"},"content":{"rendered":"<p>Vous cherchez un moyen de stocker facilement tous vos accessoires de survie sans encombrer votre gilet tactique? La pochette molle de survie est la solution id\u00e9ale. Elle vous permet d&rsquo;organiser et de transporter votre \u00e9quipement essentiel de mani\u00e8re pratique et s\u00e9curis\u00e9e. Que ce soit pour une randonn\u00e9e, une exp\u00e9dition de survie ou toute autre activit\u00e9 en ext\u00e9rieur, cette pochette est un accessoire indispensable pour tout survivaliste.<\/p>\n","protected":false},"excerpt":{"rendered":"<p>Vous cherchez un moyen de stocker facilement tous vos accessoires de survie sans encombrer votre gilet tactique? La pochette molle de survie est la solution id\u00e9ale. Elle vous permet d&rsquo;organiser et de transporter votre \u00e9quipement essentiel de mani\u00e8re pratique et s\u00e9curis\u00e9e. Que ce soit pour une randonn\u00e9e, une exp\u00e9dition de survie ou toute autre activit\u00e9<\/p>\n<div class=\"more-link\">\n             <a href=\"https:\/\/boutique.bunker-france.com\/?product=pochette-molle-gilet-tactique\" class=\"theme-btn\"><span>Continue Reading <\/span><i class=\"bi bi-arrow-right\"><\/i><\/a>\n        <\/div>\n","protected":false},"featured_media":1807,"comment_status":"open","ping_status":"closed","template":"","meta":[],"product_brand":[],"product_cat":[56],"product_tag":[],"class_list":{"0":"post-1808","1":"product","2":"type-product","3":"status-publish","4":"has-post-thumbnail","6":"product_cat-sac-a-dos-de-survie","8":"first","9":"instock","10":"taxable","11":"shipping-taxable","12":"purchasable","13":"product-type-simple"},"_links":{"self":[{"href":"https:\/\/boutique.bunker-france.com\/index.php?rest_route=\/wp\/v2\/product\/1808","targetHints":{"allow":["GET"]}}],"collection":[{"href":"https:\/\/boutique.bunker-france.com\/index.php?rest_route=\/wp\/v2\/product"}],"about":[{"href":"https:\/\/boutique.bunker-france.com\/index.php?rest_route=\/wp\/v2\/types\/product"}],"replies":[{"embeddable":true,"href":"https:\/\/boutique.bunker-france.com\/index.php?rest_route=%2Fwp%2Fv2%2Fcomments&post=1808"}],"wp:featuredmedia":[{"embeddable":true,"href":"https:\/\/boutique.bunker-france.com\/index.php?rest_route=\/wp\/v2\/media\/1807"}],"wp:attachment":[{"href":"https:\/\/boutique.bunker-france.com\/index.php?rest_route=%2Fwp%2Fv2%2Fmedia&parent=1808"}],"wp:term":[{"taxonomy":"product_brand","embeddable":true,"href":"https:\/\/boutique.bunker-france.com\/index.php?rest_route=%2Fwp%2Fv2%2Fproduct_brand&post=1808"},{"taxonomy":"product_cat","embeddable":true,"href":"https:\/\/boutique.bunker-france.com\/index.php?rest_route=%2Fwp%2Fv2%2Fproduct_cat&post=1808"},{"taxonomy":"product_tag","embeddable":true,"href":"https:\/\/boutique.bunker-france.com\/index.php?rest_route=%2Fwp%2Fv2%2Fproduct_tag&post=1808"}],"curies":[{"name":"wp","href":"https:\/\/api.w.org\/{rel}","templated":true}]}}