{"id":1806,"date":"2026-04-07T22:51:39","date_gmt":"2026-04-07T20:51:39","guid":{"rendered":"https:\/\/boutique.bunker-france.com\/?product=pochette-molle"},"modified":"2026-04-07T22:51:39","modified_gmt":"2026-04-07T20:51:39","slug":"pochette-molle","status":"publish","type":"product","link":"https:\/\/boutique.bunker-france.com\/?product=pochette-molle","title":{"rendered":"Pochette Molle"},"content":{"rendered":"<p>Prot\u00e9gez vos \u00e9quipements de la pluie et de la poussi\u00e8re avec notre pochette molle anti-intemp\u00e9ries. Fabriqu\u00e9e en nylon 600D r\u00e9sistant, elle est \u00e9galement r\u00e9sistante \u00e0 l&rsquo;eau gr\u00e2ce \u00e0 son rev\u00eatement imperm\u00e9able.<\/p>\n","protected":false},"excerpt":{"rendered":"<p>Prot\u00e9gez vos \u00e9quipements de la pluie et de la poussi\u00e8re avec notre pochette molle anti-intemp\u00e9ries. Fabriqu\u00e9e en nylon 600D r\u00e9sistant, elle est \u00e9galement r\u00e9sistante \u00e0 l&rsquo;eau gr\u00e2ce \u00e0 son rev\u00eatement imperm\u00e9able.<\/p>\n","protected":false},"featured_media":1805,"comment_status":"open","ping_status":"closed","template":"","meta":[],"product_brand":[],"product_cat":[56],"product_tag":[],"class_list":{"0":"post-1806","1":"product","2":"type-product","3":"status-publish","4":"has-post-thumbnail","6":"product_cat-sac-a-dos-de-survie","8":"first","9":"instock","10":"taxable","11":"shipping-taxable","12":"purchasable","13":"product-type-simple"},"_links":{"self":[{"href":"https:\/\/boutique.bunker-france.com\/index.php?rest_route=\/wp\/v2\/product\/1806","targetHints":{"allow":["GET"]}}],"collection":[{"href":"https:\/\/boutique.bunker-france.com\/index.php?rest_route=\/wp\/v2\/product"}],"about":[{"href":"https:\/\/boutique.bunker-france.com\/index.php?rest_route=\/wp\/v2\/types\/product"}],"replies":[{"embeddable":true,"href":"https:\/\/boutique.bunker-france.com\/index.php?rest_route=%2Fwp%2Fv2%2Fcomments&post=1806"}],"wp:featuredmedia":[{"embeddable":true,"href":"https:\/\/boutique.bunker-france.com\/index.php?rest_route=\/wp\/v2\/media\/1805"}],"wp:attachment":[{"href":"https:\/\/boutique.bunker-france.com\/index.php?rest_route=%2Fwp%2Fv2%2Fmedia&parent=1806"}],"wp:term":[{"taxonomy":"product_brand","embeddable":true,"href":"https:\/\/boutique.bunker-france.com\/index.php?rest_route=%2Fwp%2Fv2%2Fproduct_brand&post=1806"},{"taxonomy":"product_cat","embeddable":true,"href":"https:\/\/boutique.bunker-france.com\/index.php?rest_route=%2Fwp%2Fv2%2Fproduct_cat&post=1806"},{"taxonomy":"product_tag","embeddable":true,"href":"https:\/\/boutique.bunker-france.com\/index.php?rest_route=%2Fwp%2Fv2%2Fproduct_tag&post=1806"}],"curies":[{"name":"wp","href":"https:\/\/api.w.org\/{rel}","templated":true}]}}