{"id":1802,"date":"2026-04-07T22:51:38","date_gmt":"2026-04-07T20:51:38","guid":{"rendered":"https:\/\/boutique.bunker-france.com\/?product=sac-a-dos-militaire-80l-camo"},"modified":"2026-04-07T22:51:39","modified_gmt":"2026-04-07T20:51:39","slug":"sac-a-dos-militaire-80l-camo","status":"publish","type":"product","link":"https:\/\/boutique.bunker-france.com\/?product=sac-a-dos-militaire-80l-camo","title":{"rendered":"Sac a Dos Militaire 80L Camo"},"content":{"rendered":"<p>Partez \u00e0 l&rsquo;aventure en toute confiance avec le Sac \u00e0 Dos Militaire 80L Camo. Avec sa capacit\u00e9 de 80 litres, ce sac vous offre un espace de rangement g\u00e9n\u00e9reux pour toutes vos affaires essentielles lors de vos randonn\u00e9es, campings ou exp\u00e9ditions. Son design camouflage vous permet de vous fondre dans l&rsquo;environnement, tandis que sa construction robuste assure une durabilit\u00e9 \u00e0 toute \u00e9preuve. Id\u00e9al pour les amateurs de survie et les aventuriers, ce sac \u00e0 dos est con\u00e7u pour r\u00e9sister aux conditions les plus exigeantes.<\/p>\n","protected":false},"excerpt":{"rendered":"<p>Partez \u00e0 l&rsquo;aventure en toute confiance avec le Sac \u00e0 Dos Militaire 80L Camo. Avec sa capacit\u00e9 de 80 litres, ce sac vous offre un espace de rangement g\u00e9n\u00e9reux pour toutes vos affaires essentielles lors de vos randonn\u00e9es, campings ou exp\u00e9ditions. Son design camouflage vous permet de vous fondre dans l&rsquo;environnement, tandis que sa construction<\/p>\n<div class=\"more-link\">\n             <a href=\"https:\/\/boutique.bunker-france.com\/?product=sac-a-dos-militaire-80l-camo\" class=\"theme-btn\"><span>Continue Reading <\/span><i class=\"bi bi-arrow-right\"><\/i><\/a>\n        <\/div>\n","protected":false},"featured_media":1801,"comment_status":"open","ping_status":"closed","template":"","meta":[],"product_brand":[],"product_cat":[56],"product_tag":[],"class_list":{"0":"post-1802","1":"product","2":"type-product","3":"status-publish","4":"has-post-thumbnail","6":"product_cat-sac-a-dos-de-survie","8":"first","9":"instock","10":"taxable","11":"shipping-taxable","12":"purchasable","13":"product-type-simple"},"_links":{"self":[{"href":"https:\/\/boutique.bunker-france.com\/index.php?rest_route=\/wp\/v2\/product\/1802","targetHints":{"allow":["GET"]}}],"collection":[{"href":"https:\/\/boutique.bunker-france.com\/index.php?rest_route=\/wp\/v2\/product"}],"about":[{"href":"https:\/\/boutique.bunker-france.com\/index.php?rest_route=\/wp\/v2\/types\/product"}],"replies":[{"embeddable":true,"href":"https:\/\/boutique.bunker-france.com\/index.php?rest_route=%2Fwp%2Fv2%2Fcomments&post=1802"}],"wp:featuredmedia":[{"embeddable":true,"href":"https:\/\/boutique.bunker-france.com\/index.php?rest_route=\/wp\/v2\/media\/1801"}],"wp:attachment":[{"href":"https:\/\/boutique.bunker-france.com\/index.php?rest_route=%2Fwp%2Fv2%2Fmedia&parent=1802"}],"wp:term":[{"taxonomy":"product_brand","embeddable":true,"href":"https:\/\/boutique.bunker-france.com\/index.php?rest_route=%2Fwp%2Fv2%2Fproduct_brand&post=1802"},{"taxonomy":"product_cat","embeddable":true,"href":"https:\/\/boutique.bunker-france.com\/index.php?rest_route=%2Fwp%2Fv2%2Fproduct_cat&post=1802"},{"taxonomy":"product_tag","embeddable":true,"href":"https:\/\/boutique.bunker-france.com\/index.php?rest_route=%2Fwp%2Fv2%2Fproduct_tag&post=1802"}],"curies":[{"name":"wp","href":"https:\/\/api.w.org\/{rel}","templated":true}]}}