{"id":1800,"date":"2026-04-07T22:51:38","date_gmt":"2026-04-07T20:51:38","guid":{"rendered":"https:\/\/boutique.bunker-france.com\/?product=sac-a-dos-militaire-survie-50l-thales-noir"},"modified":"2026-04-07T22:51:38","modified_gmt":"2026-04-07T20:51:38","slug":"sac-a-dos-militaire-survie-50l-thales-noir","status":"publish","type":"product","link":"https:\/\/boutique.bunker-france.com\/?product=sac-a-dos-militaire-survie-50l-thales-noir","title":{"rendered":"Sac a Dos Militaire Survie 50L Thales (noir)"},"content":{"rendered":"<p>Partez explorer la nature en toute s\u00e9r\u00e9nit\u00e9 avec le sac \u00e0 dos militaire de survie 50L. Constitu\u00e9 de la mati\u00e8re 900D Oxford Waterproof, ce sac est durable, r\u00e9sistant \u00e0 l&rsquo;eau et aux rayures, vous assurant une protection optimale de vos affaires. Sa capacit\u00e9 de 50L vous permettra de transporter tout le n\u00e9cessaire pour votre aventure en plein air.<\/p>\n<p>Avec son scratch sur la partie frontale, ajoutez-y des patchs personnalis\u00e9s pour un look unique. Que ce soit pour la randonn\u00e9e, le camping ou la chasse, ce sac \u00e0 dos est le partenaire id\u00e9al pour vous accompagner dans toutes vos escapades. Commandez d\u00e8s maintenant votre sac \u00e0 dos militaire de survie 50L (noir) et partez \u00e0 l&rsquo;aventure en toute confiance.<\/p>\n<p>* Capacit\u00e9: 50L<br \/>\n* Mati\u00e8re: 900D Oxford Waterproof<br \/>\n* Scratch pour ajout de patch personnalis\u00e9<\/p>\n","protected":false},"excerpt":{"rendered":"<p>Partez explorer la nature en toute s\u00e9r\u00e9nit\u00e9 avec le sac \u00e0 dos militaire de survie 50L. Constitu\u00e9 de la mati\u00e8re 900D Oxford Waterproof, ce sac est durable, r\u00e9sistant \u00e0 l&rsquo;eau et aux rayures, vous assurant une protection optimale de vos affaires. Sa capacit\u00e9 de 50L vous permettra de transporter tout le n\u00e9cessaire pour votre aventure<\/p>\n<div class=\"more-link\">\n             <a href=\"https:\/\/boutique.bunker-france.com\/?product=sac-a-dos-militaire-survie-50l-thales-noir\" class=\"theme-btn\"><span>Continue Reading <\/span><i class=\"bi bi-arrow-right\"><\/i><\/a>\n        <\/div>\n","protected":false},"featured_media":1799,"comment_status":"open","ping_status":"closed","template":"","meta":[],"product_brand":[],"product_cat":[56],"product_tag":[],"class_list":{"0":"post-1800","1":"product","2":"type-product","3":"status-publish","4":"has-post-thumbnail","6":"product_cat-sac-a-dos-de-survie","8":"first","9":"instock","10":"taxable","11":"shipping-taxable","12":"purchasable","13":"product-type-simple"},"_links":{"self":[{"href":"https:\/\/boutique.bunker-france.com\/index.php?rest_route=\/wp\/v2\/product\/1800","targetHints":{"allow":["GET"]}}],"collection":[{"href":"https:\/\/boutique.bunker-france.com\/index.php?rest_route=\/wp\/v2\/product"}],"about":[{"href":"https:\/\/boutique.bunker-france.com\/index.php?rest_route=\/wp\/v2\/types\/product"}],"replies":[{"embeddable":true,"href":"https:\/\/boutique.bunker-france.com\/index.php?rest_route=%2Fwp%2Fv2%2Fcomments&post=1800"}],"wp:featuredmedia":[{"embeddable":true,"href":"https:\/\/boutique.bunker-france.com\/index.php?rest_route=\/wp\/v2\/media\/1799"}],"wp:attachment":[{"href":"https:\/\/boutique.bunker-france.com\/index.php?rest_route=%2Fwp%2Fv2%2Fmedia&parent=1800"}],"wp:term":[{"taxonomy":"product_brand","embeddable":true,"href":"https:\/\/boutique.bunker-france.com\/index.php?rest_route=%2Fwp%2Fv2%2Fproduct_brand&post=1800"},{"taxonomy":"product_cat","embeddable":true,"href":"https:\/\/boutique.bunker-france.com\/index.php?rest_route=%2Fwp%2Fv2%2Fproduct_cat&post=1800"},{"taxonomy":"product_tag","embeddable":true,"href":"https:\/\/boutique.bunker-france.com\/index.php?rest_route=%2Fwp%2Fv2%2Fproduct_tag&post=1800"}],"curies":[{"name":"wp","href":"https:\/\/api.w.org\/{rel}","templated":true}]}}