{"id":1796,"date":"2026-04-07T22:51:38","date_gmt":"2026-04-07T20:51:38","guid":{"rendered":"https:\/\/boutique.bunker-france.com\/?product=sac-a-dos-de-survie-50l-thales-vert"},"modified":"2026-04-07T22:51:38","modified_gmt":"2026-04-07T20:51:38","slug":"sac-a-dos-de-survie-50l-thales-vert","status":"publish","type":"product","link":"https:\/\/boutique.bunker-france.com\/?product=sac-a-dos-de-survie-50l-thales-vert","title":{"rendered":"Sac a Dos de Survie 50L Thales (vert)"},"content":{"rendered":"<p>Avec le sac \u00e0 dos de survie 50L, partez \u00e0 l&rsquo;aventure en tout confort. Con\u00e7u pour les activit\u00e9s en plein air, il vous permet de transporter tous les \u00e9quipements n\u00e9cessaires pour une escapade r\u00e9ussie. 50L de capacit\u00e9 vous offrent un espace suffisant pour ranger nourriture, eau, v\u00eatements, outils et \u00e9quipements de survie.<\/p>\n<p>La mati\u00e8re 900D Oxford Waterproof vous garantit r\u00e9sistance et \u00e9tanch\u00e9it\u00e9 face aux intemp\u00e9ries. Ce sac est \u00e9galement pourvu d&rsquo;un scratch pour personnaliser votre \u00e9quipement avec des patchs.<\/p>\n<p>* Capacit\u00e9: 50L<br \/>\n* Mati\u00e8re: 900D Oxford Waterproof<br \/>\n* Scratch pour ajout de patch personnalis\u00e9<\/p>\n","protected":false},"excerpt":{"rendered":"<p>Avec le sac \u00e0 dos de survie 50L, partez \u00e0 l&rsquo;aventure en tout confort. Con\u00e7u pour les activit\u00e9s en plein air, il vous permet de transporter tous les \u00e9quipements n\u00e9cessaires pour une escapade r\u00e9ussie. 50L de capacit\u00e9 vous offrent un espace suffisant pour ranger nourriture, eau, v\u00eatements, outils et \u00e9quipements de survie. La mati\u00e8re 900D<\/p>\n<div class=\"more-link\">\n             <a href=\"https:\/\/boutique.bunker-france.com\/?product=sac-a-dos-de-survie-50l-thales-vert\" class=\"theme-btn\"><span>Continue Reading <\/span><i class=\"bi bi-arrow-right\"><\/i><\/a>\n        <\/div>\n","protected":false},"featured_media":1795,"comment_status":"open","ping_status":"closed","template":"","meta":[],"product_brand":[],"product_cat":[56],"product_tag":[],"class_list":{"0":"post-1796","1":"product","2":"type-product","3":"status-publish","4":"has-post-thumbnail","6":"product_cat-sac-a-dos-de-survie","8":"first","9":"instock","10":"taxable","11":"shipping-taxable","12":"purchasable","13":"product-type-simple"},"_links":{"self":[{"href":"https:\/\/boutique.bunker-france.com\/index.php?rest_route=\/wp\/v2\/product\/1796","targetHints":{"allow":["GET"]}}],"collection":[{"href":"https:\/\/boutique.bunker-france.com\/index.php?rest_route=\/wp\/v2\/product"}],"about":[{"href":"https:\/\/boutique.bunker-france.com\/index.php?rest_route=\/wp\/v2\/types\/product"}],"replies":[{"embeddable":true,"href":"https:\/\/boutique.bunker-france.com\/index.php?rest_route=%2Fwp%2Fv2%2Fcomments&post=1796"}],"wp:featuredmedia":[{"embeddable":true,"href":"https:\/\/boutique.bunker-france.com\/index.php?rest_route=\/wp\/v2\/media\/1795"}],"wp:attachment":[{"href":"https:\/\/boutique.bunker-france.com\/index.php?rest_route=%2Fwp%2Fv2%2Fmedia&parent=1796"}],"wp:term":[{"taxonomy":"product_brand","embeddable":true,"href":"https:\/\/boutique.bunker-france.com\/index.php?rest_route=%2Fwp%2Fv2%2Fproduct_brand&post=1796"},{"taxonomy":"product_cat","embeddable":true,"href":"https:\/\/boutique.bunker-france.com\/index.php?rest_route=%2Fwp%2Fv2%2Fproduct_cat&post=1796"},{"taxonomy":"product_tag","embeddable":true,"href":"https:\/\/boutique.bunker-france.com\/index.php?rest_route=%2Fwp%2Fv2%2Fproduct_tag&post=1796"}],"curies":[{"name":"wp","href":"https:\/\/api.w.org\/{rel}","templated":true}]}}