{"id":1792,"date":"2026-04-07T22:51:37","date_gmt":"2026-04-07T20:51:37","guid":{"rendered":"https:\/\/boutique.bunker-france.com\/?product=sac-tactique-militaire-50l-thales-camo"},"modified":"2026-04-07T22:51:37","modified_gmt":"2026-04-07T20:51:37","slug":"sac-tactique-militaire-50l-thales-camo","status":"publish","type":"product","link":"https:\/\/boutique.bunker-france.com\/?product=sac-tactique-militaire-50l-thales-camo","title":{"rendered":"Sac tactique Militaire 50L Thales (camo)"},"content":{"rendered":"<p>Avec le Sac tactique Militaire 50L, vous \u00eates pr\u00eat pour toutes les aventures. Fabriqu\u00e9 avec des mat\u00e9riaux de qualit\u00e9, tels que le 900D Oxford Waterproof, ce sac est r\u00e9sistant et durable. Sa capacit\u00e9 de 50L permet de transporter tout ce dont vous avez besoin pour un voyage de plusieurs jours. Le Scratch sur le sac facilite l&rsquo;ajout de patchs personnalis\u00e9s pour personnaliser votre sac. Le Sac tactique Militaire 50L est \u00e9galement \u00e9quip\u00e9 de bretelles rembourr\u00e9es pour un port confortable, d&rsquo;un dos respirant et de multiples poches de rangement pratiques pour une organisation optimale.<\/p>\n<p>Vivez vos aventures avec le Sac tactique Militaire 50L.<\/p>\n<p>* Capacit\u00e9: 50L<br \/>\n* Mati\u00e8re: 900D Oxford Waterproof<br \/>\n* Scratch pour ajout de patch personnalis\u00e9<\/p>\n","protected":false},"excerpt":{"rendered":"<p>Avec le Sac tactique Militaire 50L, vous \u00eates pr\u00eat pour toutes les aventures. Fabriqu\u00e9 avec des mat\u00e9riaux de qualit\u00e9, tels que le 900D Oxford Waterproof, ce sac est r\u00e9sistant et durable. Sa capacit\u00e9 de 50L permet de transporter tout ce dont vous avez besoin pour un voyage de plusieurs jours. Le Scratch sur le sac<\/p>\n<div class=\"more-link\">\n             <a href=\"https:\/\/boutique.bunker-france.com\/?product=sac-tactique-militaire-50l-thales-camo\" class=\"theme-btn\"><span>Continue Reading <\/span><i class=\"bi bi-arrow-right\"><\/i><\/a>\n        <\/div>\n","protected":false},"featured_media":1791,"comment_status":"open","ping_status":"closed","template":"","meta":[],"product_brand":[],"product_cat":[56],"product_tag":[],"class_list":{"0":"post-1792","1":"product","2":"type-product","3":"status-publish","4":"has-post-thumbnail","6":"product_cat-sac-a-dos-de-survie","8":"first","9":"instock","10":"taxable","11":"shipping-taxable","12":"purchasable","13":"product-type-simple"},"_links":{"self":[{"href":"https:\/\/boutique.bunker-france.com\/index.php?rest_route=\/wp\/v2\/product\/1792","targetHints":{"allow":["GET"]}}],"collection":[{"href":"https:\/\/boutique.bunker-france.com\/index.php?rest_route=\/wp\/v2\/product"}],"about":[{"href":"https:\/\/boutique.bunker-france.com\/index.php?rest_route=\/wp\/v2\/types\/product"}],"replies":[{"embeddable":true,"href":"https:\/\/boutique.bunker-france.com\/index.php?rest_route=%2Fwp%2Fv2%2Fcomments&post=1792"}],"wp:featuredmedia":[{"embeddable":true,"href":"https:\/\/boutique.bunker-france.com\/index.php?rest_route=\/wp\/v2\/media\/1791"}],"wp:attachment":[{"href":"https:\/\/boutique.bunker-france.com\/index.php?rest_route=%2Fwp%2Fv2%2Fmedia&parent=1792"}],"wp:term":[{"taxonomy":"product_brand","embeddable":true,"href":"https:\/\/boutique.bunker-france.com\/index.php?rest_route=%2Fwp%2Fv2%2Fproduct_brand&post=1792"},{"taxonomy":"product_cat","embeddable":true,"href":"https:\/\/boutique.bunker-france.com\/index.php?rest_route=%2Fwp%2Fv2%2Fproduct_cat&post=1792"},{"taxonomy":"product_tag","embeddable":true,"href":"https:\/\/boutique.bunker-france.com\/index.php?rest_route=%2Fwp%2Fv2%2Fproduct_tag&post=1792"}],"curies":[{"name":"wp","href":"https:\/\/api.w.org\/{rel}","templated":true}]}}