{"id":1790,"date":"2026-04-07T22:51:37","date_gmt":"2026-04-07T20:51:37","guid":{"rendered":"https:\/\/boutique.bunker-france.com\/?product=sac-a-dos-militaire-gris-thales-50l"},"modified":"2026-04-07T22:51:37","modified_gmt":"2026-04-07T20:51:37","slug":"sac-a-dos-militaire-gris-thales-50l","status":"publish","type":"product","link":"https:\/\/boutique.bunker-france.com\/?product=sac-a-dos-militaire-gris-thales-50l","title":{"rendered":"Sac a Dos Militaire Gris Thales (50L)"},"content":{"rendered":"<p>D\u00e9couvrez le Sac \u00e0 Dos Militaire Gris (50L) pour une praticit\u00e9 optimale.<\/p>\n<p>Si vous \u00eates un amateur d&rsquo;aventures en plein air, vous savez \u00e0 quel point un \u00e9quipement de qualit\u00e9 est essentiel. Avec le Sac \u00e0 Dos Militaire Gris (50L), vous avez en votre possession un sac pratique, confortable et hautement fonctionnel qui vous permettra de maximiser votre exp\u00e9rience en ext\u00e9rieur.<\/p>\n<p>Une capacit\u00e9 de 50L vous permet d&#8217;emporter tous les \u00e9l\u00e9ments essentiels pour votre voyage en ext\u00e9rieur, que ce soit pour une randonn\u00e9e d&rsquo;une journ\u00e9e ou pour un s\u00e9jour en camping prolong\u00e9.<\/p>\n<p>Le Sac \u00e0 Dos Militaire Gris (50L) est fabriqu\u00e9 \u00e0 partir de mat\u00e9riaux de premi\u00e8re qualit\u00e9 tels que le 900D Oxford Waterproof, qui garantit une r\u00e9sistance in\u00e9gal\u00e9e aux intemp\u00e9ries et aux d\u00e9chirures. Ce sac poss\u00e8de \u00e9galement un scratch pour ajout de patch personnalis\u00e9 pour une touche originale!<\/p>\n<p>Fonctionnel et durable, le Sac \u00e0 Dos Militaire Gris (50L) est le choix id\u00e9al pour les amoureux de la nature et les aventuriers en qu\u00eate de sensations intenses.<\/p>\n<p>* Capacit\u00e9: 50L<br \/>\n* Mati\u00e8re: 900D Oxford Waterproof<br \/>\n* Scratch pour ajout de patch personnalis\u00e9<\/p>\n","protected":false},"excerpt":{"rendered":"<p>D\u00e9couvrez le Sac \u00e0 Dos Militaire Gris (50L) pour une praticit\u00e9 optimale. Si vous \u00eates un amateur d&rsquo;aventures en plein air, vous savez \u00e0 quel point un \u00e9quipement de qualit\u00e9 est essentiel. Avec le Sac \u00e0 Dos Militaire Gris (50L), vous avez en votre possession un sac pratique, confortable et hautement fonctionnel qui vous permettra<\/p>\n<div class=\"more-link\">\n             <a href=\"https:\/\/boutique.bunker-france.com\/?product=sac-a-dos-militaire-gris-thales-50l\" class=\"theme-btn\"><span>Continue Reading <\/span><i class=\"bi bi-arrow-right\"><\/i><\/a>\n        <\/div>\n","protected":false},"featured_media":1789,"comment_status":"open","ping_status":"closed","template":"","meta":[],"product_brand":[],"product_cat":[56],"product_tag":[],"class_list":{"0":"post-1790","1":"product","2":"type-product","3":"status-publish","4":"has-post-thumbnail","6":"product_cat-sac-a-dos-de-survie","8":"first","9":"instock","10":"taxable","11":"shipping-taxable","12":"purchasable","13":"product-type-simple"},"_links":{"self":[{"href":"https:\/\/boutique.bunker-france.com\/index.php?rest_route=\/wp\/v2\/product\/1790","targetHints":{"allow":["GET"]}}],"collection":[{"href":"https:\/\/boutique.bunker-france.com\/index.php?rest_route=\/wp\/v2\/product"}],"about":[{"href":"https:\/\/boutique.bunker-france.com\/index.php?rest_route=\/wp\/v2\/types\/product"}],"replies":[{"embeddable":true,"href":"https:\/\/boutique.bunker-france.com\/index.php?rest_route=%2Fwp%2Fv2%2Fcomments&post=1790"}],"wp:featuredmedia":[{"embeddable":true,"href":"https:\/\/boutique.bunker-france.com\/index.php?rest_route=\/wp\/v2\/media\/1789"}],"wp:attachment":[{"href":"https:\/\/boutique.bunker-france.com\/index.php?rest_route=%2Fwp%2Fv2%2Fmedia&parent=1790"}],"wp:term":[{"taxonomy":"product_brand","embeddable":true,"href":"https:\/\/boutique.bunker-france.com\/index.php?rest_route=%2Fwp%2Fv2%2Fproduct_brand&post=1790"},{"taxonomy":"product_cat","embeddable":true,"href":"https:\/\/boutique.bunker-france.com\/index.php?rest_route=%2Fwp%2Fv2%2Fproduct_cat&post=1790"},{"taxonomy":"product_tag","embeddable":true,"href":"https:\/\/boutique.bunker-france.com\/index.php?rest_route=%2Fwp%2Fv2%2Fproduct_tag&post=1790"}],"curies":[{"name":"wp","href":"https:\/\/api.w.org\/{rel}","templated":true}]}}