{"id":1788,"date":"2026-04-07T22:51:37","date_gmt":"2026-04-07T20:51:37","guid":{"rendered":"https:\/\/boutique.bunker-france.com\/?product=sac-a-dos-tactique-15l"},"modified":"2026-04-07T22:51:37","modified_gmt":"2026-04-07T20:51:37","slug":"sac-a-dos-tactique-15l","status":"publish","type":"product","link":"https:\/\/boutique.bunker-france.com\/?product=sac-a-dos-tactique-15l","title":{"rendered":"Sac a Dos Tactique 15L"},"content":{"rendered":"<p>Avec le sac a dos tactique 15L, vous avez tout ce dont vous avez besoin pour faire face \u00e0 n&rsquo;importe quelle situation. \u00c9labor\u00e9 pour les amateurs de survie, ce sac multifonction est con\u00e7u pour \u00eatre votre compagnon fiable lors de vos aventures. Il offre une capacit\u00e9 de 15 litres, id\u00e9ale pour transporter l&rsquo;essentiel. Ce sac est parfait pour ceux qui recherchent un \u00e9quipement robuste et polyvalent.<\/p>\n","protected":false},"excerpt":{"rendered":"<p>Avec le sac a dos tactique 15L, vous avez tout ce dont vous avez besoin pour faire face \u00e0 n&rsquo;importe quelle situation. \u00c9labor\u00e9 pour les amateurs de survie, ce sac multifonction est con\u00e7u pour \u00eatre votre compagnon fiable lors de vos aventures. Il offre une capacit\u00e9 de 15 litres, id\u00e9ale pour transporter l&rsquo;essentiel. Ce sac<\/p>\n<div class=\"more-link\">\n             <a href=\"https:\/\/boutique.bunker-france.com\/?product=sac-a-dos-tactique-15l\" class=\"theme-btn\"><span>Continue Reading <\/span><i class=\"bi bi-arrow-right\"><\/i><\/a>\n        <\/div>\n","protected":false},"featured_media":1787,"comment_status":"open","ping_status":"closed","template":"","meta":[],"product_brand":[],"product_cat":[56],"product_tag":[],"class_list":{"0":"post-1788","1":"product","2":"type-product","3":"status-publish","4":"has-post-thumbnail","6":"product_cat-sac-a-dos-de-survie","8":"first","9":"instock","10":"taxable","11":"shipping-taxable","12":"purchasable","13":"product-type-simple"},"_links":{"self":[{"href":"https:\/\/boutique.bunker-france.com\/index.php?rest_route=\/wp\/v2\/product\/1788","targetHints":{"allow":["GET"]}}],"collection":[{"href":"https:\/\/boutique.bunker-france.com\/index.php?rest_route=\/wp\/v2\/product"}],"about":[{"href":"https:\/\/boutique.bunker-france.com\/index.php?rest_route=\/wp\/v2\/types\/product"}],"replies":[{"embeddable":true,"href":"https:\/\/boutique.bunker-france.com\/index.php?rest_route=%2Fwp%2Fv2%2Fcomments&post=1788"}],"wp:featuredmedia":[{"embeddable":true,"href":"https:\/\/boutique.bunker-france.com\/index.php?rest_route=\/wp\/v2\/media\/1787"}],"wp:attachment":[{"href":"https:\/\/boutique.bunker-france.com\/index.php?rest_route=%2Fwp%2Fv2%2Fmedia&parent=1788"}],"wp:term":[{"taxonomy":"product_brand","embeddable":true,"href":"https:\/\/boutique.bunker-france.com\/index.php?rest_route=%2Fwp%2Fv2%2Fproduct_brand&post=1788"},{"taxonomy":"product_cat","embeddable":true,"href":"https:\/\/boutique.bunker-france.com\/index.php?rest_route=%2Fwp%2Fv2%2Fproduct_cat&post=1788"},{"taxonomy":"product_tag","embeddable":true,"href":"https:\/\/boutique.bunker-france.com\/index.php?rest_route=%2Fwp%2Fv2%2Fproduct_tag&post=1788"}],"curies":[{"name":"wp","href":"https:\/\/api.w.org\/{rel}","templated":true}]}}