{"id":1765,"date":"2026-04-07T22:38:32","date_gmt":"2026-04-07T20:38:32","guid":{"rendered":"https:\/\/boutique.bunker-france.com\/?product=kit-de-survie-13-en-1"},"modified":"2026-04-07T22:38:32","modified_gmt":"2026-04-07T20:38:32","slug":"kit-de-survie-13-en-1","status":"publish","type":"product","link":"https:\/\/boutique.bunker-france.com\/?product=kit-de-survie-13-en-1","title":{"rendered":"Kit de Survie 13 en 1"},"content":{"rendered":"<p>Le Kit de Survie 13 en 1 est un ensemble complet d&rsquo;outils essentiels pour la survie. Il est con\u00e7u pour vous aider \u00e0 faire face \u00e0 diverses situations d&rsquo;urgence en pleine nature.<\/p>\n","protected":false},"excerpt":{"rendered":"<p>Le Kit de Survie 13 en 1 est un ensemble complet d&rsquo;outils essentiels pour la survie. Il est con\u00e7u pour vous aider \u00e0 faire face \u00e0 diverses situations d&rsquo;urgence en pleine nature.<\/p>\n","protected":false},"featured_media":1764,"comment_status":"open","ping_status":"closed","template":"","meta":[],"product_brand":[],"product_cat":[54],"product_tag":[],"class_list":{"0":"post-1765","1":"product","2":"type-product","3":"status-publish","4":"has-post-thumbnail","6":"product_cat-kits-de-survie","8":"first","9":"instock","10":"taxable","11":"shipping-taxable","12":"purchasable","13":"product-type-simple"},"_links":{"self":[{"href":"https:\/\/boutique.bunker-france.com\/index.php?rest_route=\/wp\/v2\/product\/1765","targetHints":{"allow":["GET"]}}],"collection":[{"href":"https:\/\/boutique.bunker-france.com\/index.php?rest_route=\/wp\/v2\/product"}],"about":[{"href":"https:\/\/boutique.bunker-france.com\/index.php?rest_route=\/wp\/v2\/types\/product"}],"replies":[{"embeddable":true,"href":"https:\/\/boutique.bunker-france.com\/index.php?rest_route=%2Fwp%2Fv2%2Fcomments&post=1765"}],"wp:featuredmedia":[{"embeddable":true,"href":"https:\/\/boutique.bunker-france.com\/index.php?rest_route=\/wp\/v2\/media\/1764"}],"wp:attachment":[{"href":"https:\/\/boutique.bunker-france.com\/index.php?rest_route=%2Fwp%2Fv2%2Fmedia&parent=1765"}],"wp:term":[{"taxonomy":"product_brand","embeddable":true,"href":"https:\/\/boutique.bunker-france.com\/index.php?rest_route=%2Fwp%2Fv2%2Fproduct_brand&post=1765"},{"taxonomy":"product_cat","embeddable":true,"href":"https:\/\/boutique.bunker-france.com\/index.php?rest_route=%2Fwp%2Fv2%2Fproduct_cat&post=1765"},{"taxonomy":"product_tag","embeddable":true,"href":"https:\/\/boutique.bunker-france.com\/index.php?rest_route=%2Fwp%2Fv2%2Fproduct_tag&post=1765"}],"curies":[{"name":"wp","href":"https:\/\/api.w.org\/{rel}","templated":true}]}}