{"id":1755,"date":"2026-04-07T22:38:29","date_gmt":"2026-04-07T20:38:29","guid":{"rendered":"https:\/\/boutique.bunker-france.com\/?product=kit-de-survie-debutant"},"modified":"2026-04-07T22:38:29","modified_gmt":"2026-04-07T20:38:29","slug":"kit-de-survie-debutant","status":"publish","type":"product","link":"https:\/\/boutique.bunker-france.com\/?product=kit-de-survie-debutant","title":{"rendered":"Kit de Survie D\u00e9butant"},"content":{"rendered":"<p>C&rsquo;est le kit indispensable et pr\u00e9f\u00e9r\u00e9 des nouveaux survivants, il est complet et vous permet de partir \u00e0 l&rsquo;aventure sans vous soucier d&rsquo;oublier un \u00e9l\u00e9ment essentiel.<\/p>\n<p>Avec le Kit de Survie D\u00e9butant, soyez toujours pr\u00eat \u00e0 affronter les situations les plus extr\u00eames en pleine nature. Compos\u00e9 de 9 \u00e9l\u00e9ments essentiels, cet ensemble l\u00e9ger \u00e0 transporter vous permettra de partir \u00e0 l&rsquo;aventure en toute confiance.<\/p>\n","protected":false},"excerpt":{"rendered":"<p>C&rsquo;est le kit indispensable et pr\u00e9f\u00e9r\u00e9 des nouveaux survivants, il est complet et vous permet de partir \u00e0 l&rsquo;aventure sans vous soucier d&rsquo;oublier un \u00e9l\u00e9ment essentiel. Avec le Kit de Survie D\u00e9butant, soyez toujours pr\u00eat \u00e0 affronter les situations les plus extr\u00eames en pleine nature. Compos\u00e9 de 9 \u00e9l\u00e9ments essentiels, cet ensemble l\u00e9ger \u00e0 transporter<\/p>\n<div class=\"more-link\">\n             <a href=\"https:\/\/boutique.bunker-france.com\/?product=kit-de-survie-debutant\" class=\"theme-btn\"><span>Continue Reading <\/span><i class=\"bi bi-arrow-right\"><\/i><\/a>\n        <\/div>\n","protected":false},"featured_media":1754,"comment_status":"open","ping_status":"closed","template":"","meta":[],"product_brand":[],"product_cat":[54],"product_tag":[],"class_list":{"0":"post-1755","1":"product","2":"type-product","3":"status-publish","4":"has-post-thumbnail","6":"product_cat-kits-de-survie","8":"first","9":"instock","10":"taxable","11":"shipping-taxable","12":"purchasable","13":"product-type-simple"},"_links":{"self":[{"href":"https:\/\/boutique.bunker-france.com\/index.php?rest_route=\/wp\/v2\/product\/1755","targetHints":{"allow":["GET"]}}],"collection":[{"href":"https:\/\/boutique.bunker-france.com\/index.php?rest_route=\/wp\/v2\/product"}],"about":[{"href":"https:\/\/boutique.bunker-france.com\/index.php?rest_route=\/wp\/v2\/types\/product"}],"replies":[{"embeddable":true,"href":"https:\/\/boutique.bunker-france.com\/index.php?rest_route=%2Fwp%2Fv2%2Fcomments&post=1755"}],"wp:featuredmedia":[{"embeddable":true,"href":"https:\/\/boutique.bunker-france.com\/index.php?rest_route=\/wp\/v2\/media\/1754"}],"wp:attachment":[{"href":"https:\/\/boutique.bunker-france.com\/index.php?rest_route=%2Fwp%2Fv2%2Fmedia&parent=1755"}],"wp:term":[{"taxonomy":"product_brand","embeddable":true,"href":"https:\/\/boutique.bunker-france.com\/index.php?rest_route=%2Fwp%2Fv2%2Fproduct_brand&post=1755"},{"taxonomy":"product_cat","embeddable":true,"href":"https:\/\/boutique.bunker-france.com\/index.php?rest_route=%2Fwp%2Fv2%2Fproduct_cat&post=1755"},{"taxonomy":"product_tag","embeddable":true,"href":"https:\/\/boutique.bunker-france.com\/index.php?rest_route=%2Fwp%2Fv2%2Fproduct_tag&post=1755"}],"curies":[{"name":"wp","href":"https:\/\/api.w.org\/{rel}","templated":true}]}}